{"id":1613,"date":"2018-08-30T11:47:53","date_gmt":"2018-08-30T14:47:53","guid":{"rendered":"https:\/\/iscastagnino-cba.infd.edu.ar\/sitio\/autoridades\/"},"modified":"2025-11-10T20:25:03","modified_gmt":"2025-11-10T23:25:03","slug":"autoridades","status":"publish","type":"page","link":"https:\/\/iscastagnino-cba.infd.edu.ar\/sitio\/autoridades\/","title":{"rendered":"Autoridades"},"content":{"rendered":"<p><strong>AUTORIDADES.<\/strong><br \/>\n\u2022 Gobernador de la Provincia de C\u00f3rdoba: Ab. Mart\u00edn Llaryora<br \/>\n\u2022 Vicegobernadora de la Provincia de C\u00f3rdoba: Sra. Myrian Prunotto.<br \/>\n\u2022 Ministro de Educaci\u00f3n de la Provincia de C\u00f3rdoba: Dr. Horacio A. Ferreyra<br \/>\n\u2022 Secretario de Educaci\u00f3n: Prof. Luis Franchi<br \/>\n\u2022 Secretar\u00eda de Fortalecimiento Institucional y Educaci\u00f3n Superior: Lic. Claudia Amelia Maine<br \/>\n\u2022 Director General de Educaci\u00f3n Superior: Prof. Ariel Alfredo Zecchini<br \/>\n\u2022 Director General de Educaci\u00f3n T\u00e9cnica y Formaci\u00f3n Profesional: Ing. Diego Suarez.<br \/>\n\u2022 Supervisora General D.G.E.S.: Prof. Lic. Mirta Weinzettel<br \/>\n\u2022 Subinspectora General Educaci\u00f3n T\u00e9cnica Superior: Lic. Ana Collino.<br \/>\n\u2022 Inspector D.G.E.S. Reg. III: Prof. y Lic. Ernesto R. Olmedo.<br \/>\n\u2022 Director IES Castagnino: Prof. y Lic. Franco Luis Guepart.<br \/>\n\u2022 Secretaria Docente: Lic. Gladys Zabala.<br \/>\n\u2022 Prosecretar\u00eda Docente: Lic.\u00a0Melina\u00a0Bella.<\/p>\n<p class=\"MsoBodyTextFirstIndent\" style=\"margin: 0cm 0cm 6pt; text-indent: 0cm;\">\n","protected":false},"excerpt":{"rendered":"<p>AUTORIDADES. \u2022 Gobernador de la Provincia de C\u00f3rdoba: Ab. Mart\u00edn Llaryora \u2022 Vicegobernadora de la Provincia de C\u00f3rdoba: Sra. Myrian Prunotto. \u2022 Ministro de Educaci\u00f3n de la Provincia de C\u00f3rdoba: Dr. Horacio A. Ferreyra \u2022 Secretario de Educaci\u00f3n: Prof. Luis Franchi \u2022 Secretar\u00eda de Fortalecimiento Institucional y Educaci\u00f3n Superior: Lic. Claudia Amelia Maine \u2022 Director &#8230; <a title=\"Autoridades\" class=\"read-more\" href=\"https:\/\/iscastagnino-cba.infd.edu.ar\/sitio\/autoridades\/\" aria-label=\"More on Autoridades\">[+]<\/a><\/p>\n","protected":false},"author":193,"featured_media":0,"parent":0,"menu_order":0,"comment_status":"closed","ping_status":"closed","template":"","meta":[],"acf":[],"_links":{"self":[{"href":"https:\/\/iscastagnino-cba.infd.edu.ar\/sitio\/wp-json\/wp\/v2\/pages\/1613"}],"collection":[{"href":"https:\/\/iscastagnino-cba.infd.edu.ar\/sitio\/wp-json\/wp\/v2\/pages"}],"about":[{"href":"https:\/\/iscastagnino-cba.infd.edu.ar\/sitio\/wp-json\/wp\/v2\/types\/page"}],"author":[{"embeddable":true,"href":"https:\/\/iscastagnino-cba.infd.edu.ar\/sitio\/wp-json\/wp\/v2\/users\/193"}],"replies":[{"embeddable":true,"href":"https:\/\/iscastagnino-cba.infd.edu.ar\/sitio\/wp-json\/wp\/v2\/comments?post=1613"}],"version-history":[{"count":1,"href":"https:\/\/iscastagnino-cba.infd.edu.ar\/sitio\/wp-json\/wp\/v2\/pages\/1613\/revisions"}],"predecessor-version":[{"id":2305,"href":"https:\/\/iscastagnino-cba.infd.edu.ar\/sitio\/wp-json\/wp\/v2\/pages\/1613\/revisions\/2305"}],"wp:attachment":[{"href":"https:\/\/iscastagnino-cba.infd.edu.ar\/sitio\/wp-json\/wp\/v2\/media?parent=1613"}],"curies":[{"name":"wp","href":"https:\/\/api.w.org\/{rel}","templated":true}]}}