{"id":1594,"date":"2018-08-30T11:47:46","date_gmt":"2018-08-30T14:47:46","guid":{"rendered":"https:\/\/iscastagnino-cba.infd.edu.ar\/sitio\/video-institucional\/"},"modified":"2025-10-23T12:45:06","modified_gmt":"2025-10-23T15:45:06","slug":"video-institucional","status":"publish","type":"page","link":"https:\/\/iscastagnino-cba.infd.edu.ar\/sitio\/video-institucional\/","title":{"rendered":"Noticias"},"content":{"rendered":"\n<p>_____________________________________________________________________________________<\/p>\n\n\n\n<h2 class=\"wp-block-heading\">Visita al Hospital Municipal Alejandro Roca<\/h2>\n\n\n\n<p>Los alumnos de Enfermer\u00eda visitaron el pasado jueves el hospital municipal, donde llevaron a cabo pr\u00e1cticas de Bioseguridad.<br>Durante la jornada, realizaron ejercicios sobre colocaci\u00f3n de equipo de protecci\u00f3n personal (EPP), uso de guantes est\u00e9riles y t\u00e9cnicas correctas de lavado de manos.<\/p>\n\n\n\n<p>Una experiencia formativa clave para continuar fortaleciendo su compromiso con el cuidado seguro y responsable de la salud.<\/p>\n\n\n<div class=\"wp-block-image\">\n<figure class=\"aligncenter size-full is-resized\"><img decoding=\"async\" loading=\"lazy\" src=\"https:\/\/iscastagnino-cba.infd.edu.ar\/sitio\/wp-content\/uploads\/2025\/10\/Imagen-de-WhatsApp-2025-10-09-a-las-21.18.50_b5b47225.jpg\" alt=\"\" class=\"wp-image-2255\" width=\"644\" height=\"483\" srcset=\"https:\/\/iscastagnino-cba.infd.edu.ar\/sitio\/wp-content\/uploads\/2025\/10\/Imagen-de-WhatsApp-2025-10-09-a-las-21.18.50_b5b47225.jpg 1280w, https:\/\/iscastagnino-cba.infd.edu.ar\/sitio\/wp-content\/uploads\/2025\/10\/Imagen-de-WhatsApp-2025-10-09-a-las-21.18.50_b5b47225-1000x750.jpg 1000w, https:\/\/iscastagnino-cba.infd.edu.ar\/sitio\/wp-content\/uploads\/2025\/10\/Imagen-de-WhatsApp-2025-10-09-a-las-21.18.50_b5b47225-768x576.jpg 768w\" sizes=\"(max-width: 644px) 100vw, 644px\" \/><\/figure><\/div>\n\n\n<p>_____________________________________________________________________________________________________<\/p>\n\n\n\n<h2 class=\"wp-block-heading\">Feria de Ciencias en Alejandro Roca<\/h2>\n\n\n\n<p>El pasado jueves 28 de agosto se llevaron a cabo las 57\u00ba Feria de Ciencias, Tecnolog\u00edas, Artes, Movimiento e Innovaci\u00f3n en conjunto con el CENMA Alejandro Roca<\/p>\n\n\n\n<p>. En esta instancia, los estudiantes de la carrera de Enfermer\u00eda presentaron los conocimientos y proyectos desarrollados a lo largo del presente ciclo lectivo, poniendo en valor el trabajo realizado durante el a\u00f1o.<\/p>\n\n\n\n<p> \u00a1Felicitamos a todos los alumnos por su compromiso, creatividad y dedicaci\u00f3n!<\/p>\n\n\n<div class=\"wp-block-image\">\n<figure class=\"aligncenter size-full is-resized\"><img decoding=\"async\" loading=\"lazy\" src=\"https:\/\/iscastagnino-cba.infd.edu.ar\/sitio\/wp-content\/uploads\/2025\/09\/Imagen-de-WhatsApp-2025-08-28-a-las-19.49.49_0a5dbcb4.jpg\" alt=\"\" class=\"wp-image-2249\" width=\"623\" height=\"467\" srcset=\"https:\/\/iscastagnino-cba.infd.edu.ar\/sitio\/wp-content\/uploads\/2025\/09\/Imagen-de-WhatsApp-2025-08-28-a-las-19.49.49_0a5dbcb4.jpg 1280w, https:\/\/iscastagnino-cba.infd.edu.ar\/sitio\/wp-content\/uploads\/2025\/09\/Imagen-de-WhatsApp-2025-08-28-a-las-19.49.49_0a5dbcb4-1000x750.jpg 1000w, https:\/\/iscastagnino-cba.infd.edu.ar\/sitio\/wp-content\/uploads\/2025\/09\/Imagen-de-WhatsApp-2025-08-28-a-las-19.49.49_0a5dbcb4-768x576.jpg 768w\" sizes=\"(max-width: 623px) 100vw, 623px\" \/><\/figure><\/div>\n\n\n<p>_________________________________________________________________________________________________________________<\/p>\n\n\n\n<h2 class=\"wp-block-heading\">Nuevos Simuladores para la carrera de Enfermer\u00eda en el Anexo Alejandro Roca<\/h2>\n\n\n\n<p>Los alumnos de Enfermer\u00eda del Anexo Alejandro han recibido nuevos equipos de simulaci\u00f3n provistos por el PRONAFE, a trav\u00e9s de la Direcci\u00f3n de Educaci\u00f3n T\u00e9cnica y Profesional.<\/p>\n\n\n\n<p>Esta importante gesti\u00f3n fue realizada por la sub inspectora Ana Colino, en el marco del convenio firmado entre el director del IES \u00abClelia Fanny Castagnino\u00bb, Franco Luis Guepart, y la directora de la extensi\u00f3n \u00e1ulica de Monte Buey, IS \u00abBernardo Houssay\u00bb , Mariela Vico.<\/p>\n\n\n\n<p>&#x1f489;&#x2728; Los simuladores son herramientas clave en la formaci\u00f3n de profesionales de la salud, ya que permiten a los estudiantes practicar procedimientos y habilidades cl\u00ednicas en un entorno seguro y controlado, fortaleciendo as\u00ed su preparaci\u00f3n para el futuro profesional.<\/p>\n\n\n<div class=\"wp-block-image\">\n<figure class=\"aligncenter size-full is-resized\"><img decoding=\"async\" loading=\"lazy\" src=\"https:\/\/iscastagnino-cba.infd.edu.ar\/sitio\/wp-content\/uploads\/2025\/09\/Imagen-de-WhatsApp-2025-08-29-a-las-12.58.22_852fdc8b.jpg\" alt=\"\" class=\"wp-image-2248\" width=\"379\" height=\"505\" srcset=\"https:\/\/iscastagnino-cba.infd.edu.ar\/sitio\/wp-content\/uploads\/2025\/09\/Imagen-de-WhatsApp-2025-08-29-a-las-12.58.22_852fdc8b.jpg 1200w, https:\/\/iscastagnino-cba.infd.edu.ar\/sitio\/wp-content\/uploads\/2025\/09\/Imagen-de-WhatsApp-2025-08-29-a-las-12.58.22_852fdc8b-750x1000.jpg 750w, https:\/\/iscastagnino-cba.infd.edu.ar\/sitio\/wp-content\/uploads\/2025\/09\/Imagen-de-WhatsApp-2025-08-29-a-las-12.58.22_852fdc8b-768x1024.jpg 768w, https:\/\/iscastagnino-cba.infd.edu.ar\/sitio\/wp-content\/uploads\/2025\/09\/Imagen-de-WhatsApp-2025-08-29-a-las-12.58.22_852fdc8b-1152x1536.jpg 1152w\" sizes=\"(max-width: 379px) 100vw, 379px\" \/><\/figure><\/div>\n\n\n<p>___________________________________________________________________________________________________________________<\/p>\n\n\n\n<h2 class=\"wp-block-heading\">Jornada&nbsp;Institucional titulada: \u201cNotas distintivas del TransFORMAR@Cba en la&nbsp;educaci\u00f3n primaria\u201d<\/h2>\n\n\n<div class=\"wp-block-image\">\n<figure class=\"aligncenter size-full is-resized\"><img decoding=\"async\" loading=\"lazy\" src=\"https:\/\/iscastagnino-cba.infd.edu.ar\/sitio\/wp-content\/uploads\/2025\/06\/WhatsApp_Image_2025-05-26_at_21.12.08.jpeg\" alt=\"\" class=\"wp-image-2225\" width=\"694\" height=\"520\" srcset=\"https:\/\/iscastagnino-cba.infd.edu.ar\/sitio\/wp-content\/uploads\/2025\/06\/WhatsApp_Image_2025-05-26_at_21.12.08.jpeg 1600w, https:\/\/iscastagnino-cba.infd.edu.ar\/sitio\/wp-content\/uploads\/2025\/06\/WhatsApp_Image_2025-05-26_at_21.12.08-1000x750.jpeg 1000w, https:\/\/iscastagnino-cba.infd.edu.ar\/sitio\/wp-content\/uploads\/2025\/06\/WhatsApp_Image_2025-05-26_at_21.12.08-768x576.jpeg 768w, https:\/\/iscastagnino-cba.infd.edu.ar\/sitio\/wp-content\/uploads\/2025\/06\/WhatsApp_Image_2025-05-26_at_21.12.08-1536x1152.jpeg 1536w\" sizes=\"(max-width: 694px) 100vw, 694px\" \/><\/figure><\/div>\n\n\n<p>El pasado 26 de mayo de 2025 se desarroll\u00f3 &nbsp;la Jornada&nbsp;Institucional titulada:&nbsp;<strong>\u201cNotas distintivas del TransFORMAR@Cba en la&nbsp;<\/strong><strong>educaci\u00f3n primaria\u201d,<\/strong>&nbsp;con la presencia del &nbsp;Lic. Cruz \u00c1lvarez,&nbsp;Director General de Educaci\u00f3n Primaria, en la que se present\u00f3 el programa Transformar C\u00f3rdoba, sus particularidades&nbsp; y&nbsp; l\u00edneas de la pol\u00edtica educativa, haciendo \u00e9nfasis en la Resoluci\u00f3n 5\/25 destinada al Nivel Primario.<\/p>\n\n\n\n<p>En la misma participaron Directivos y Docentes de las escuelas asociadas urbanas y rurales de nuestra localidad y de las localidades vecinas de Santa Eufemia, Chaz\u00f3n, Bengolea, Olaeta y Charras, y&nbsp;estudiantes y profesores del Profesorado de Educaci\u00f3n Primaria.<\/p>\n\n\n\n<p>El LIc. Alvarez cerr\u00f3 la jornada afirmando \u00abLos aprendizajes importan y la transformaci\u00f3n educativa en la Provincia de C\u00f3rdoba se construyen de manera conjunta\u00bb<\/p>\n\n\n\n<p>Desde la Direcci\u00f3n del Instituto se agradeci\u00f3 la presencia de las autoridades del Ministerio de Educaci\u00f3n y de las Escuelas Asociadas.<\/p>\n\n\n\n<p>___________________________________________________________________________________________________________________________<\/p>\n\n\n\n<h2 class=\"wp-block-heading\">Taller de Mapeo Colectivo<\/h2>\n\n\n\n<p>En el marco del espacio curricular \u00abCiencias Sociales y su Did\u00e1ctica I\u00bb a cargo del profesor Bruno Criao y de las propuestas para la modalidad combinada en Educaci\u00f3n Superior, se llev\u00f3 a cabo durante el mes de mayo el taller de mapeo colectivo con las estudiantes de segundo a\u00f1o del profesorado en Educaci\u00f3n Primaria. Dicho taller se enmarc\u00f3 en el eje Ciudades en tiempo y espacio , en que se logr\u00f3 mapear en forma colaborativa, y teniendo en cuenta diversos indicadores (contaminaci\u00f3n, inundaci\u00f3n, Instituciones, medios de transporte, entre a otras) las localidades de Bengolea, Etruria y Ucacha. Las producciones se pueden observar en la galer\u00eda del Instituto.<\/p>\n\n\n<div class=\"wp-block-image\">\n<figure class=\"aligncenter size-full is-resized\"><img decoding=\"async\" loading=\"lazy\" src=\"https:\/\/iscastagnino-cba.infd.edu.ar\/sitio\/wp-content\/uploads\/2025\/06\/Imagen-de-WhatsApp-2025-06-02-a-las-07.34.11_71b6163d.jpg\" alt=\"\" class=\"wp-image-2224\" width=\"785\" height=\"589\" srcset=\"https:\/\/iscastagnino-cba.infd.edu.ar\/sitio\/wp-content\/uploads\/2025\/06\/Imagen-de-WhatsApp-2025-06-02-a-las-07.34.11_71b6163d.jpg 1600w, https:\/\/iscastagnino-cba.infd.edu.ar\/sitio\/wp-content\/uploads\/2025\/06\/Imagen-de-WhatsApp-2025-06-02-a-las-07.34.11_71b6163d-1000x750.jpg 1000w, https:\/\/iscastagnino-cba.infd.edu.ar\/sitio\/wp-content\/uploads\/2025\/06\/Imagen-de-WhatsApp-2025-06-02-a-las-07.34.11_71b6163d-768x576.jpg 768w, https:\/\/iscastagnino-cba.infd.edu.ar\/sitio\/wp-content\/uploads\/2025\/06\/Imagen-de-WhatsApp-2025-06-02-a-las-07.34.11_71b6163d-1536x1152.jpg 1536w\" sizes=\"(max-width: 785px) 100vw, 785px\" \/><\/figure><\/div>\n\n<p>______________________________________________________________________________________________________________________________<\/p>\n<h1 class=\"titulo\">2\u00aa Jornada de Formaci\u00f3n Situada<\/h1>\n<p>El Jueves 15 de mayo se desarroll\u00f3 la 2\u00aa Jornada de Formaci\u00f3n Situada con la participaci\u00f3n de los profesores de la Tecnicatura en Administraci\u00f3n, la Tecnicatura en Nuevas Tecnolog\u00edas Aplicadas al Agro, de los Profesorado de Educaci\u00f3n Inicial y Educaci\u00f3n Primaria y la Tecnicatura en Enfermer\u00eda de la localidad de Ucacha y del anexo de Alejandro Roca.<br>Dicho encuentro fue un espacio clave para el intercambio, la reflexi\u00f3n colectiva y la construcci\u00f3n conjunta de propuestas pedag\u00f3gicas que fortalecen nuestra tarea educativa.<\/p>\n<p>Somos una comunidad de aprendizaje, que la gestionamos entre todos.<\/p>\n<p><\/p>\n<p><img decoding=\"async\" loading=\"lazy\" class=\"wp-image-2223 aligncenter\" src=\"https:\/\/iscastagnino-cba.infd.edu.ar\/sitio\/wp-content\/uploads\/2025\/06\/collage_1.jpg\" alt=\"\" width=\"707\" height=\"541\" srcset=\"https:\/\/iscastagnino-cba.infd.edu.ar\/sitio\/wp-content\/uploads\/2025\/06\/collage_1.jpg 834w, https:\/\/iscastagnino-cba.infd.edu.ar\/sitio\/wp-content\/uploads\/2025\/06\/collage_1-768x588.jpg 768w\" sizes=\"(max-width: 707px) 100vw, 707px\" \/><\/p>\n<p><\/p>\n<p>_______________________________________________________________________________________________________________________________<\/p>\n<h1 class=\"titulo\">Acto de Celebraci\u00f3n del 36\u00ba Aniversario y graduaci\u00f3n de la Promoci\u00f3n 2024.<img decoding=\"async\" loading=\"lazy\" class=\"wp-image-2220 alignleft\" src=\"https:\/\/iscastagnino-cba.infd.edu.ar\/sitio\/wp-content\/uploads\/2025\/05\/Personal_Directivo_Administrativo_y_Docente-1000x666.jpeg\" alt=\"\" width=\"692\" height=\"461\" srcset=\"https:\/\/iscastagnino-cba.infd.edu.ar\/sitio\/wp-content\/uploads\/2025\/05\/Personal_Directivo_Administrativo_y_Docente-1000x666.jpeg 1000w, https:\/\/iscastagnino-cba.infd.edu.ar\/sitio\/wp-content\/uploads\/2025\/05\/Personal_Directivo_Administrativo_y_Docente-768x512.jpeg 768w, https:\/\/iscastagnino-cba.infd.edu.ar\/sitio\/wp-content\/uploads\/2025\/05\/Personal_Directivo_Administrativo_y_Docente-1536x1023.jpeg 1536w, https:\/\/iscastagnino-cba.infd.edu.ar\/sitio\/wp-content\/uploads\/2025\/05\/Personal_Directivo_Administrativo_y_Docente.jpeg 1600w\" sizes=\"(max-width: 692px) 100vw, 692px\" \/><\/h1>\n<div id=\"section\">\n<div id=\"main\">\n<div class=\"offset\">\n<div class=\"contenido\">\n<article class=\"detalle_noticia\">\n<div class=\"tiny_personalizado text_overflow\">\n<p>El viernes 10 de mayo vivimos un emotivo Acto Acad\u00e9mico en el que conmemoramos el 36\u00b0 aniversario del IES \u201cClelia Fanny Castagnino\u201d, celebramos la graduaci\u00f3n de las promociones 2024 de los Profesorados de Educaci\u00f3n Inicial, Educaci\u00f3n Primaria y la Tecnicatura Superior en Enfermer\u00eda &#x1f9d1;&#x200d;&#x1f3eb;&#x1f469;&#x200d;&#x2695;&#xfe0f;, y recibimos con orgullo a la 9\u00aa promoci\u00f3n del Magisterio Superior, a 25 a\u00f1os de su egreso.<br>\u2800<\/p>\n<p><\/p>\n<p>Un encuentro cargado de emociones, recuerdos y proyecciones, que reafirma nuestro compromiso con una educaci\u00f3n superior de calidad, con mirada territorial, centrada en el bien com\u00fan y abierta a todos y todas.<br>\u2800<br>&#x1f4da; \u00a1Gracias a quienes forman parte de esta comunidad educativa que sigue creciendo y transformando realidades!<\/p>\n<\/div>\n<\/article>\n<\/div>\n<\/div>\n<\/div>\n<\/div>\n<p>_________________________________________________________________________________________________________________<\/p>\n<h1 class=\"titulo\">Oficializaron apertura del IES Castagnino anexo<\/h1>\n<h1 class=\"titulo\">Villa Huidobro<img decoding=\"async\" loading=\"lazy\" class=\"wp-image-2217 alignright\" src=\"https:\/\/iscastagnino-cba.infd.edu.ar\/sitio\/wp-content\/uploads\/2025\/05\/WhatsApp_Image_2025-04-08_at_23.27.18-1000x1000.jpeg\" alt=\"\" width=\"567\" height=\"567\" srcset=\"https:\/\/iscastagnino-cba.infd.edu.ar\/sitio\/wp-content\/uploads\/2025\/05\/WhatsApp_Image_2025-04-08_at_23.27.18-1000x1000.jpeg 1000w, https:\/\/iscastagnino-cba.infd.edu.ar\/sitio\/wp-content\/uploads\/2025\/05\/WhatsApp_Image_2025-04-08_at_23.27.18-1900x1900.jpeg 1900w, https:\/\/iscastagnino-cba.infd.edu.ar\/sitio\/wp-content\/uploads\/2025\/05\/WhatsApp_Image_2025-04-08_at_23.27.18-500x500.jpeg 500w, https:\/\/iscastagnino-cba.infd.edu.ar\/sitio\/wp-content\/uploads\/2025\/05\/WhatsApp_Image_2025-04-08_at_23.27.18-768x768.jpeg 768w, https:\/\/iscastagnino-cba.infd.edu.ar\/sitio\/wp-content\/uploads\/2025\/05\/WhatsApp_Image_2025-04-08_at_23.27.18-1536x1536.jpeg 1536w, https:\/\/iscastagnino-cba.infd.edu.ar\/sitio\/wp-content\/uploads\/2025\/05\/WhatsApp_Image_2025-04-08_at_23.27.18-2048x2048.jpeg 2048w\" sizes=\"(max-width: 567px) 100vw, 567px\" \/><\/h1>\n<p>Se trata de otra gesti\u00f3n positiva junto a la Municipalidad de Villa Huidobro ya que el IES Castagnino es quien puede ofrecer tal formaci\u00f3n en Enfermer\u00eda, por lo que realizar\u00e1 la faceta administrativa pese a estar m\u00e1s de 350 km de distancia del flamante anexo.<\/p>\n<p>Para el acto apertura, realizado este lunes 07.04.25, viajaron exclusivamente el Dir. del IES Clelia Fanny Castagnino, Prof. Franco Guepart, y la Prof. Melina Chiabo, quienes expresaron su satisfacci\u00f3n por poder seguir brindando posibilidades de formaci\u00f3n a alumnos y alumnas interesadas de dicha zona.<\/p>\n<p>Fueron parte autoridades provinciales, de Villa Huidobro y represnetantes institucionales. El intendnete Dr. Enzo Quiroga remarc\u00f3 la importancia sobre invertir en educaci\u00f3n y formaci\u00f3n.<\/p>\n<p>Cabe agregar que el Hospital Municipal \u00abDr. Arnaldo Gar\u00f3falo\u00bb de Villa Huidobro pasar\u00e1 a ser Hospital Escuela ya que all\u00ed se desarrollar\u00e1n pr\u00e1cticas profesionalizantes.<\/p>\n<p>Las clases se dictar\u00e1n de manera presencial y on line.<\/p>\n<p>En el acto adem\u00e1s de las palabras de rigor se realizaron entrega de presentes y, entre \u00e9stos, la municipalidad aport\u00f3 un Smarth TV&nbsp; a la tecnicatura como aporte tecnol\u00f3gico al proceso educativo.-<\/p>\n<p><em><a href=\"https:\/\/www.fmvoxucacha.com.ar\/index.php\/i\/1437-oficializaron-apertura-del-ies-castagnino-anexo-villa-huidobro\">Nota publicada por FM Vox 103.<\/a>3<\/em><\/p>\n<p><\/p>\n<p>______________________________________________________________________________________________________________________<\/p>\n<h1 class=\"titulo\">IES Castagnino y apertura del Anexo Alejandro Roca<img decoding=\"async\" loading=\"lazy\" class=\"wp-image-2216 alignright\" src=\"https:\/\/iscastagnino-cba.infd.edu.ar\/sitio\/wp-content\/uploads\/2025\/05\/WhatsApp_Image_2025-04-05_at_11.50.58-1000x733.jpeg\" alt=\"\" width=\"648\" height=\"475\" srcset=\"https:\/\/iscastagnino-cba.infd.edu.ar\/sitio\/wp-content\/uploads\/2025\/05\/WhatsApp_Image_2025-04-05_at_11.50.58-1000x733.jpeg 1000w, https:\/\/iscastagnino-cba.infd.edu.ar\/sitio\/wp-content\/uploads\/2025\/05\/WhatsApp_Image_2025-04-05_at_11.50.58-768x563.jpeg 768w, https:\/\/iscastagnino-cba.infd.edu.ar\/sitio\/wp-content\/uploads\/2025\/05\/WhatsApp_Image_2025-04-05_at_11.50.58-1536x1125.jpeg 1536w, https:\/\/iscastagnino-cba.infd.edu.ar\/sitio\/wp-content\/uploads\/2025\/05\/WhatsApp_Image_2025-04-05_at_11.50.58.jpeg 1600w\" sizes=\"(max-width: 648px) 100vw, 648px\" \/><\/h1>\n<p>Con acto realizado el viernes 4 de abril, en el Instituto Privado Alejandro, se oficializ\u00f3 el Anexo del Instituto Castagnino en Alejandro Roca que propone la Tecnicatura Superior en Enfermer\u00eda, con inscriptos e interesados por encima del cupo, lo que habla de la demanda e inter\u00e9s en la formaci\u00f3n.<\/p>\n<p>Adem\u00e1s de abanderados y escoltas, se destac\u00f3 la presencia de la Legisladora por el departamento Juarez Celman, Graciela Bisotto; del Secretario de Educaci\u00f3n de la Provincia, Lic. Luis Franchi; el Director del IES Clelia Fanny Castagnino, Lic. Franco Luis Guepart; el anfitri\u00f3n local intendente de Alejandro, Lic. Aldo Echeverri. Tambi\u00e9n el presidente de la Comunidad Regional Ju\u00e1rez Celman e intendente de Ucacha, Ariel Moreyra; el intendente de Reducci\u00f3n Jorge Grazziano; intendente de Los Cisnes Aldo Truant; y representantes de los municipios de Las Acequias y de Huanchilla, a quienes agradecieron por acompa\u00f1ar la gesti\u00f3n y concreci\u00f3n de este anexo.<\/p>\n<p>Tras ingreso de Abanderados y entonaci\u00f3n del Himno Nacional Argentino, dirigieron la palabra el intendente&nbsp;Aldo Echeverri; el Director del Castagnino Franco Guepart; y el&nbsp;Secretario de Educaci\u00f3n del Ministerio de Educaci\u00f3n de Cba., Lic. Luis Franchi. Todos agradecieron el apoyo y destacaron el esfuerzo conjunto, explicando las enormes posibilidades que ofrece la formaci\u00f3n a alumnos y alumnas en nuestras localidades y de c\u00f3mo es posible tras un objetivo com\u00fan.<\/p>\n<p>Acto seguido se firm\u00f3 el Acta CLE, Coordinaciones Locales de Educaci\u00f3n; y se descucbri\u00f3 una placa conmemorativa que marcar\u00e1 el inicio de esta nueva etapa, a cargo de intendentes, la Directora del IPA y el Director del Hospital Municipal, Dr. Norberto Podversich, junto al Secretario de Educaci\u00f3n y al Director del IES Castagnino.<\/p>\n<p>El Cura P\u00e1rroco, Pbro Bernardo Mcglouin, llev\u00f3 a cabo la Bendici\u00f3n y a posteriori se retiraron las banderas de ceremonia.<\/p>\n<p>Las actividades continuaron, ahora con presentes. De esta manera el Instituto Castagnino a trav\u00e9s de su Director hizo entrega a los intendentes, al Instituto Privado Alejandro, y al Hospital Municipal local.<\/p>\n<p>Tambi\u00e9n una placa de reconocimiento al Hospital Municipal, ahora adem\u00e1s como HOSPITAL ESCUELA, un espacio privilegiado para el desarrollo de las pr\u00e1cticas profesionalizantes.<\/p>\n<p>Se sigui\u00f3 con m\u00e1s reconocimientos y presentes: el Lic. Franchi, en nombre del Ministerio de Educaci\u00f3n de la Provincia, hizo entrega de las Banderas de Ceremonias AL IES Castagnino Anexo Alejandro Roca. Tambi\u00e9n el intendente anfitri\u00f3n entreg\u00f3 presenete al IES Castagnino como un gesto de uni\u00f3n y colaboraci\u00f3n entre las instituciones, \u00abfortaleciendo los lazos que nos unen en la b\u00fasqueda del conocimiento y la innovaci\u00f3n\u00bb. Por su parte la legisladora Graciela Bisotto entreg\u00f3 de un presente al Director del IES, Franco Guepart. Y nuevamente el intendente Echeverri , con motivo de la visita del Secretario de Educaci\u00f3n Lic Luis Franchi, le hizo entrega de otro presente, al igual que el Director del IES Castagnino.<\/p>\n<p>Acto seguido, la profesora de Pr\u00e1cticas de Ucacha, Lic. Andrea Marata, hizo entrega de la Mochila T\u00e9cnica de PRONAFE a la Prosecretar\u00eda del Anexo Alejandro Roca. La&nbsp;mochila est\u00e1 compuesta por diferentes elementos que permitir\u00e1n la realizaci\u00f3n de las pr\u00e1cticas. Y finalmente el Director realiz\u00f3 un reconocimiento al personal administrativo de Clelia Fanny Castagnino: a la secretaria Gladys Zavala; a la prosecretaria del Anexo Etruria, Melina Bella; a la prosecretaria del Anexo Alejandro Roca, Camila Duarte; a la preceptora del Instituto de Ucacha, Analia Constantino; y a la bibliotecaria Cielo Martino.<\/p>\n<p>Con las siguientes palabras se dio concluido el acto apertura del Anexo Alejandro Roca: \u00abEste anexo es mucho m\u00e1s que un edificio; es un espacio de aprendizaje, crecimiento y oportunidades. Que el aula se llene de conocimiento y que cada estudiante encuentre aqu\u00ed su camino hacia un futuro mejor\u00bb.-<\/p>\n<p><em>-COBERURA ESPECIAL&nbsp;<a href=\"https:\/\/www.fmvoxucacha.com.ar\/index.php\/i\/1433-ies-castagnino-y-apertura-del-anexo-alejandro-roca\"><strong>TELECO CANAL 10 TV<\/strong>&nbsp;y&nbsp;<strong>FM VOX UCACHA<\/strong>&#8211;<\/a><\/em><\/p>\n<p><\/p>\n<p><iframe loading=\"lazy\" title=\"IES   Fanny Castagnino   Acto Apertura Anexo Alejandro Roca 04-04-25\" width=\"1200\" height=\"675\" src=\"https:\/\/www.youtube.com\/embed\/k56ACk4Lp5M?feature=oembed\" frameborder=\"0\" allow=\"accelerometer; autoplay; clipboard-write; encrypted-media; gyroscope; picture-in-picture; web-share\" referrerpolicy=\"strict-origin-when-cross-origin\" allowfullscreen><\/iframe><\/p>\n<p><\/p>\n<p>____________________________________________________________________________________________________<\/p>","protected":false},"excerpt":{"rendered":"<p>_____________________________________________________________________________________ Visita al Hospital Municipal Alejandro Roca Los alumnos de Enfermer\u00eda visitaron el pasado jueves el hospital municipal, donde llevaron a cabo pr\u00e1cticas de Bioseguridad.Durante la jornada, realizaron ejercicios sobre colocaci\u00f3n de equipo de protecci\u00f3n personal (EPP), uso de guantes est\u00e9riles y t\u00e9cnicas correctas de lavado de manos. Una experiencia formativa clave para continuar fortaleciendo &#8230; <a title=\"Noticias\" class=\"read-more\" href=\"https:\/\/iscastagnino-cba.infd.edu.ar\/sitio\/video-institucional\/\" aria-label=\"More on Noticias\">[+]<\/a><\/p>\n","protected":false},"author":193,"featured_media":0,"parent":0,"menu_order":0,"comment_status":"closed","ping_status":"closed","template":"","meta":[],"acf":[],"_links":{"self":[{"href":"https:\/\/iscastagnino-cba.infd.edu.ar\/sitio\/wp-json\/wp\/v2\/pages\/1594"}],"collection":[{"href":"https:\/\/iscastagnino-cba.infd.edu.ar\/sitio\/wp-json\/wp\/v2\/pages"}],"about":[{"href":"https:\/\/iscastagnino-cba.infd.edu.ar\/sitio\/wp-json\/wp\/v2\/types\/page"}],"author":[{"embeddable":true,"href":"https:\/\/iscastagnino-cba.infd.edu.ar\/sitio\/wp-json\/wp\/v2\/users\/193"}],"replies":[{"embeddable":true,"href":"https:\/\/iscastagnino-cba.infd.edu.ar\/sitio\/wp-json\/wp\/v2\/comments?post=1594"}],"version-history":[{"count":9,"href":"https:\/\/iscastagnino-cba.infd.edu.ar\/sitio\/wp-json\/wp\/v2\/pages\/1594\/revisions"}],"predecessor-version":[{"id":2256,"href":"https:\/\/iscastagnino-cba.infd.edu.ar\/sitio\/wp-json\/wp\/v2\/pages\/1594\/revisions\/2256"}],"wp:attachment":[{"href":"https:\/\/iscastagnino-cba.infd.edu.ar\/sitio\/wp-json\/wp\/v2\/media?parent=1594"}],"curies":[{"name":"wp","href":"https:\/\/api.w.org\/{rel}","templated":true}]}}